{"id":348,"date":"2018-11-14T06:26:23","date_gmt":"2018-11-14T05:26:23","guid":{"rendered":"http:\/\/www.milesin.cz\/?page_id=348"},"modified":"2018-11-14T06:29:25","modified_gmt":"2018-11-14T05:29:25","slug":"dotace","status":"publish","type":"page","link":"https:\/\/www.milesin.cz\/?page_id=348","title":{"rendered":"Dotace"},"content":{"rendered":"<blockquote class=\"wp-embedded-content\" data-secret=\"NPgzZBdACn\"><p><a href=\"http:\/\/www.milesin.cz\/?page_id=184\">Dotace na ve\u0159ejn\u00e9 osv\u011btlen\u00ed 2017<\/a><\/p><\/blockquote>\n<p><iframe loading=\"lazy\" class=\"wp-embedded-content\" sandbox=\"allow-scripts\" security=\"restricted\" style=\"position: absolute; clip: rect(1px, 1px, 1px, 1px);\" title=\"&#8222;Dotace na ve\u0159ejn\u00e9 osv\u011btlen\u00ed 2017&#8220; &#8212; Obec Mile\u0161\u00edn\" src=\"http:\/\/www.milesin.cz\/?page_id=184&#038;embed=true#?secret=KlPopjtAEX#?secret=NPgzZBdACn\" data-secret=\"NPgzZBdACn\" width=\"470\" height=\"265\" frameborder=\"0\" marginwidth=\"0\" marginheight=\"0\" scrolling=\"no\"><\/iframe><\/p>\n<blockquote class=\"wp-embedded-content\" data-secret=\"ui7fziG0dP\"><p><a href=\"http:\/\/www.milesin.cz\/?page_id=351\">2018 &#8211; Oprava komunikace III.t\u0159\u00eddy<\/a><\/p><\/blockquote>\n<p><iframe loading=\"lazy\" class=\"wp-embedded-content\" sandbox=\"allow-scripts\" security=\"restricted\" style=\"position: absolute; clip: rect(1px, 1px, 1px, 1px);\" title=\"&#8222;2018 &#8211; Oprava komunikace III.t\u0159\u00eddy&#8220; &#8212; Obec Mile\u0161\u00edn\" src=\"http:\/\/www.milesin.cz\/?page_id=351&#038;embed=true#?secret=IbGhKTE9Vh#?secret=ui7fziG0dP\" data-secret=\"ui7fziG0dP\" width=\"470\" height=\"265\" frameborder=\"0\" marginwidth=\"0\" marginheight=\"0\" scrolling=\"no\"><\/iframe><\/p>\n","protected":false},"excerpt":{"rendered":"<p>Dotace na ve\u0159ejn\u00e9 osv\u011btlen\u00ed 2017 2018 &#8211; Oprava komunikace III.t\u0159\u00eddy<\/p>\n","protected":false},"author":1,"featured_media":0,"parent":0,"menu_order":0,"comment_status":"closed","ping_status":"closed","template":"","meta":{"footnotes":""},"class_list":["post-348","page","type-page","status-publish","hentry"],"_links":{"self":[{"href":"https:\/\/www.milesin.cz\/index.php?rest_route=\/wp\/v2\/pages\/348","targetHints":{"allow":["GET"]}}],"collection":[{"href":"https:\/\/www.milesin.cz\/index.php?rest_route=\/wp\/v2\/pages"}],"about":[{"href":"https:\/\/www.milesin.cz\/index.php?rest_route=\/wp\/v2\/types\/page"}],"author":[{"embeddable":true,"href":"https:\/\/www.milesin.cz\/index.php?rest_route=\/wp\/v2\/users\/1"}],"replies":[{"embeddable":true,"href":"https:\/\/www.milesin.cz\/index.php?rest_route=%2Fwp%2Fv2%2Fcomments&post=348"}],"version-history":[{"count":3,"href":"https:\/\/www.milesin.cz\/index.php?rest_route=\/wp\/v2\/pages\/348\/revisions"}],"predecessor-version":[{"id":356,"href":"https:\/\/www.milesin.cz\/index.php?rest_route=\/wp\/v2\/pages\/348\/revisions\/356"}],"wp:attachment":[{"href":"https:\/\/www.milesin.cz\/index.php?rest_route=%2Fwp%2Fv2%2Fmedia&parent=348"}],"curies":[{"name":"wp","href":"https:\/\/api.w.org\/{rel}","templated":true}]}}