{"id":2,"date":"2014-08-29T12:48:08","date_gmt":"2014-08-29T12:48:08","guid":{"rendered":"http:\/\/wp.appi.pro\/domains\/wp.appi.pro\/?page_id=2"},"modified":"2026-03-10T23:31:15","modified_gmt":"2026-03-10T22:31:15","slug":"sample-page","status":"publish","type":"page","link":"https:\/\/www.milesin.cz\/","title":{"rendered":"Tituln\u00ed strana"},"content":{"rendered":"<h2>V\u00edtejte na str\u00e1nk\u00e1ch obce Mile\u0161\u00edn<\/h2>\n<p>p\u0159ipravujeme pro V\u00e1s nov\u00e9 webov\u00e9 str\u00e1nky obce Mile\u0161\u00edn<\/p>\n<p>&nbsp;<\/p>\n<p>V\u00fdb\u011bru poplatk\u016f za odvoz domovn\u00edho odpadu<\/p>\n<p>V\u00fdb\u011br prob\u011bhne dne 24.3.2023 v 16.00 hod, na obecn\u00edm \u00fa\u0159ad\u011b.<\/p>\n<p>&nbsp;<\/p>\n<p>Dne 30.3.2026 se uskute\u010dn\u00ed Sch\u016fze Zastupitelstva obce Mile\u0161\u00edn v KD v 17.00 hod.<\/p>\n<p>Program: r\u016fzn\u00e9, v\u00fdsledky auditu<\/p>\n<p>Vyv\u011b\u0161eno 10.3.2026 v 18:30<\/p>\n<p>&nbsp;<\/p>\n<p>dal\u0161\u00ed sch\u016fze bude nejpozd\u011bji za 3 m\u011bs\u00edce<\/p>\n","protected":false},"excerpt":{"rendered":"<p>V\u00edtejte na str\u00e1nk\u00e1ch obce Mile\u0161\u00edn p\u0159ipravujeme pro V\u00e1s nov\u00e9 webov\u00e9 str\u00e1nky obce Mile\u0161\u00edn &nbsp; V\u00fdb\u011bru poplatk\u016f za odvoz domovn\u00edho odpadu V\u00fdb\u011br prob\u011bhne dne 24.3.2023 v&#8230;<\/p>\n","protected":false},"author":1,"featured_media":0,"parent":0,"menu_order":0,"comment_status":"closed","ping_status":"closed","template":"","meta":{"footnotes":""},"class_list":["post-2","page","type-page","status-publish","hentry"],"_links":{"self":[{"href":"https:\/\/www.milesin.cz\/index.php?rest_route=\/wp\/v2\/pages\/2","targetHints":{"allow":["GET"]}}],"collection":[{"href":"https:\/\/www.milesin.cz\/index.php?rest_route=\/wp\/v2\/pages"}],"about":[{"href":"https:\/\/www.milesin.cz\/index.php?rest_route=\/wp\/v2\/types\/page"}],"author":[{"embeddable":true,"href":"https:\/\/www.milesin.cz\/index.php?rest_route=\/wp\/v2\/users\/1"}],"replies":[{"embeddable":true,"href":"https:\/\/www.milesin.cz\/index.php?rest_route=%2Fwp%2Fv2%2Fcomments&post=2"}],"version-history":[{"count":57,"href":"https:\/\/www.milesin.cz\/index.php?rest_route=\/wp\/v2\/pages\/2\/revisions"}],"predecessor-version":[{"id":1164,"href":"https:\/\/www.milesin.cz\/index.php?rest_route=\/wp\/v2\/pages\/2\/revisions\/1164"}],"wp:attachment":[{"href":"https:\/\/www.milesin.cz\/index.php?rest_route=%2Fwp%2Fv2%2Fmedia&parent=2"}],"curies":[{"name":"wp","href":"https:\/\/api.w.org\/{rel}","templated":true}]}}