{"id":786,"date":"2021-12-02T22:09:54","date_gmt":"2021-12-02T21:09:54","guid":{"rendered":"http:\/\/www.milesin.cz\/?page_id=786"},"modified":"2021-12-02T22:10:06","modified_gmt":"2021-12-02T21:10:06","slug":"2021-oprava-kancelare-obecniho-uradu","status":"publish","type":"page","link":"http:\/\/www.milesin.cz\/?page_id=786","title":{"rendered":"2021 &#8211; Oprava kancel\u00e1\u0159e obecn\u00edho \u00fa\u0159adu"},"content":{"rendered":"<p><a href=\"http:\/\/milesin.cz\/wp-content\/uploads\/2021\/12\/IMG_20211202_145049.jpg\"><img loading=\"lazy\" decoding=\"async\" class=\"alignnone size-medium wp-image-787\" src=\"http:\/\/milesin.cz\/wp-content\/uploads\/2021\/12\/IMG_20211202_145049-225x300.jpg\" alt=\"\" width=\"225\" height=\"300\" srcset=\"http:\/\/milesin.cz\/wp-content\/uploads\/2021\/12\/IMG_20211202_145049-225x300.jpg 225w, http:\/\/milesin.cz\/wp-content\/uploads\/2021\/12\/IMG_20211202_145049.jpg 624w\" sizes=\"auto, (max-width: 225px) 100vw, 225px\" \/><\/a> <a href=\"http:\/\/milesin.cz\/wp-content\/uploads\/2021\/12\/2021-kancelar3.jpg\"><img loading=\"lazy\" decoding=\"async\" class=\"alignnone size-medium wp-image-790\" src=\"http:\/\/milesin.cz\/wp-content\/uploads\/2021\/12\/2021-kancelar3-225x300.jpg\" alt=\"\" width=\"225\" height=\"300\" srcset=\"http:\/\/milesin.cz\/wp-content\/uploads\/2021\/12\/2021-kancelar3-225x300.jpg 225w, http:\/\/milesin.cz\/wp-content\/uploads\/2021\/12\/2021-kancelar3.jpg 624w\" sizes=\"auto, (max-width: 225px) 100vw, 225px\" \/><\/a> <a href=\"http:\/\/milesin.cz\/wp-content\/uploads\/2021\/12\/2021-kancelar2.jpg\"><img loading=\"lazy\" decoding=\"async\" class=\"alignnone size-medium wp-image-789\" src=\"http:\/\/milesin.cz\/wp-content\/uploads\/2021\/12\/2021-kancelar2-225x300.jpg\" alt=\"\" width=\"225\" height=\"300\" srcset=\"http:\/\/milesin.cz\/wp-content\/uploads\/2021\/12\/2021-kancelar2-225x300.jpg 225w, http:\/\/milesin.cz\/wp-content\/uploads\/2021\/12\/2021-kancelar2.jpg 624w\" sizes=\"auto, (max-width: 225px) 100vw, 225px\" \/><\/a> <a href=\"http:\/\/milesin.cz\/wp-content\/uploads\/2021\/12\/2021-kancelar1.jpg\"><img loading=\"lazy\" decoding=\"async\" class=\"alignnone size-medium wp-image-788\" src=\"http:\/\/milesin.cz\/wp-content\/uploads\/2021\/12\/2021-kancelar1-225x300.jpg\" alt=\"\" width=\"225\" height=\"300\" srcset=\"http:\/\/milesin.cz\/wp-content\/uploads\/2021\/12\/2021-kancelar1-225x300.jpg 225w, http:\/\/milesin.cz\/wp-content\/uploads\/2021\/12\/2021-kancelar1.jpg 624w\" sizes=\"auto, (max-width: 225px) 100vw, 225px\" \/><\/a><\/p>\n","protected":false},"excerpt":{"rendered":"","protected":false},"author":1,"featured_media":0,"parent":348,"menu_order":0,"comment_status":"closed","ping_status":"closed","template":"","meta":{"footnotes":""},"class_list":["post-786","page","type-page","status-publish","hentry"],"_links":{"self":[{"href":"http:\/\/www.milesin.cz\/index.php?rest_route=\/wp\/v2\/pages\/786","targetHints":{"allow":["GET"]}}],"collection":[{"href":"http:\/\/www.milesin.cz\/index.php?rest_route=\/wp\/v2\/pages"}],"about":[{"href":"http:\/\/www.milesin.cz\/index.php?rest_route=\/wp\/v2\/types\/page"}],"author":[{"embeddable":true,"href":"http:\/\/www.milesin.cz\/index.php?rest_route=\/wp\/v2\/users\/1"}],"replies":[{"embeddable":true,"href":"http:\/\/www.milesin.cz\/index.php?rest_route=%2Fwp%2Fv2%2Fcomments&post=786"}],"version-history":[{"count":2,"href":"http:\/\/www.milesin.cz\/index.php?rest_route=\/wp\/v2\/pages\/786\/revisions"}],"predecessor-version":[{"id":792,"href":"http:\/\/www.milesin.cz\/index.php?rest_route=\/wp\/v2\/pages\/786\/revisions\/792"}],"up":[{"embeddable":true,"href":"http:\/\/www.milesin.cz\/index.php?rest_route=\/wp\/v2\/pages\/348"}],"wp:attachment":[{"href":"http:\/\/www.milesin.cz\/index.php?rest_route=%2Fwp%2Fv2%2Fmedia&parent=786"}],"curies":[{"name":"wp","href":"https:\/\/api.w.org\/{rel}","templated":true}]}}