{"id":184,"date":"2018-01-02T19:26:14","date_gmt":"2018-01-02T18:26:14","guid":{"rendered":"http:\/\/www.milesin.cz\/?page_id=184"},"modified":"2018-01-02T19:26:14","modified_gmt":"2018-01-02T18:26:14","slug":"dotace-na-verejne-osvetleni-2017","status":"publish","type":"page","link":"http:\/\/www.milesin.cz\/?page_id=184","title":{"rendered":"Dotace na ve\u0159ejn\u00e9 osv\u011btlen\u00ed 2017"},"content":{"rendered":"<p><a href=\"http:\/\/milesin.cz\/wp-content\/uploads\/2018\/01\/IMG_20171218_143853.jpg\"><img loading=\"lazy\" decoding=\"async\" class=\"alignnone size-medium wp-image-186\" src=\"http:\/\/milesin.cz\/wp-content\/uploads\/2018\/01\/IMG_20171218_143853-225x300.jpg\" alt=\"\" width=\"225\" height=\"300\" srcset=\"http:\/\/milesin.cz\/wp-content\/uploads\/2018\/01\/IMG_20171218_143853-225x300.jpg 225w, http:\/\/milesin.cz\/wp-content\/uploads\/2018\/01\/IMG_20171218_143853-768x1024.jpg 768w, http:\/\/milesin.cz\/wp-content\/uploads\/2018\/01\/IMG_20171218_143853.jpg 1560w\" sizes=\"auto, (max-width: 225px) 100vw, 225px\" \/><\/a><\/p>\n<p><a href=\"http:\/\/milesin.cz\/wp-content\/uploads\/2018\/01\/IMG_20171208_105107.jpg\"><img loading=\"lazy\" decoding=\"async\" class=\"alignnone size-medium wp-image-185\" src=\"http:\/\/milesin.cz\/wp-content\/uploads\/2018\/01\/IMG_20171208_105107-300x96.jpg\" alt=\"\" width=\"300\" height=\"96\" srcset=\"http:\/\/milesin.cz\/wp-content\/uploads\/2018\/01\/IMG_20171208_105107-300x96.jpg 300w, http:\/\/milesin.cz\/wp-content\/uploads\/2018\/01\/IMG_20171208_105107.jpg 410w\" sizes=\"auto, (max-width: 300px) 100vw, 300px\" \/><\/a><\/p>\n","protected":false},"excerpt":{"rendered":"","protected":false},"author":1,"featured_media":185,"parent":0,"menu_order":0,"comment_status":"closed","ping_status":"closed","template":"","meta":{"footnotes":""},"class_list":["post-184","page","type-page","status-publish","has-post-thumbnail","hentry"],"_links":{"self":[{"href":"http:\/\/www.milesin.cz\/index.php?rest_route=\/wp\/v2\/pages\/184","targetHints":{"allow":["GET"]}}],"collection":[{"href":"http:\/\/www.milesin.cz\/index.php?rest_route=\/wp\/v2\/pages"}],"about":[{"href":"http:\/\/www.milesin.cz\/index.php?rest_route=\/wp\/v2\/types\/page"}],"author":[{"embeddable":true,"href":"http:\/\/www.milesin.cz\/index.php?rest_route=\/wp\/v2\/users\/1"}],"replies":[{"embeddable":true,"href":"http:\/\/www.milesin.cz\/index.php?rest_route=%2Fwp%2Fv2%2Fcomments&post=184"}],"version-history":[{"count":1,"href":"http:\/\/www.milesin.cz\/index.php?rest_route=\/wp\/v2\/pages\/184\/revisions"}],"predecessor-version":[{"id":188,"href":"http:\/\/www.milesin.cz\/index.php?rest_route=\/wp\/v2\/pages\/184\/revisions\/188"}],"wp:featuredmedia":[{"embeddable":true,"href":"http:\/\/www.milesin.cz\/index.php?rest_route=\/wp\/v2\/media\/185"}],"wp:attachment":[{"href":"http:\/\/www.milesin.cz\/index.php?rest_route=%2Fwp%2Fv2%2Fmedia&parent=184"}],"curies":[{"name":"wp","href":"https:\/\/api.w.org\/{rel}","templated":true}]}}