{"id":14,"date":"2016-05-25T21:36:18","date_gmt":"2016-05-25T21:36:18","guid":{"rendered":"http:\/\/www.milesin.cz\/?page_id=14"},"modified":"2016-06-02T23:59:47","modified_gmt":"2016-06-02T23:59:47","slug":"jobs","status":"publish","type":"page","link":"http:\/\/www.milesin.cz\/?page_id=14","title":{"rendered":"\u00da\u0158EDN\u00cd DESKA"},"content":{"rendered":"<p>Tuto str\u00e1nku pou\u017e\u00edv\u00e1 pro svoji \u010dinnost Job manager. M\u016f\u017eete zde m\u011bnit nastaven\u00ed, ale v \u017e\u00e1dn\u00e9m p\u0159\u00edpad\u011b tuto str\u00e1nku nema\u017ete. Tak\u00e9 m\u011bjte na pam\u011bti, \u017ee cokoliv zde nap\u00ed\u0161ete, se nezobraz\u00ed na va\u0161em webu.<\/p>\n","protected":false},"excerpt":{"rendered":"<p>Tuto str\u00e1nku pou\u017e\u00edv\u00e1 pro svoji \u010dinnost Job manager. M\u016f\u017eete zde m\u011bnit nastaven\u00ed, ale v \u017e\u00e1dn\u00e9m p\u0159\u00edpad\u011b tuto str\u00e1nku nema\u017ete. Tak\u00e9 m\u011bjte na pam\u011bti, \u017ee cokoliv&#8230;<\/p>\n","protected":false},"author":1,"featured_media":0,"parent":0,"menu_order":0,"comment_status":"closed","ping_status":"closed","template":"","meta":{"footnotes":""},"class_list":["post-14","page","type-page","status-publish","hentry"],"_links":{"self":[{"href":"http:\/\/www.milesin.cz\/index.php?rest_route=\/wp\/v2\/pages\/14","targetHints":{"allow":["GET"]}}],"collection":[{"href":"http:\/\/www.milesin.cz\/index.php?rest_route=\/wp\/v2\/pages"}],"about":[{"href":"http:\/\/www.milesin.cz\/index.php?rest_route=\/wp\/v2\/types\/page"}],"author":[{"embeddable":true,"href":"http:\/\/www.milesin.cz\/index.php?rest_route=\/wp\/v2\/users\/1"}],"replies":[{"embeddable":true,"href":"http:\/\/www.milesin.cz\/index.php?rest_route=%2Fwp%2Fv2%2Fcomments&post=14"}],"version-history":[{"count":2,"href":"http:\/\/www.milesin.cz\/index.php?rest_route=\/wp\/v2\/pages\/14\/revisions"}],"predecessor-version":[{"id":24,"href":"http:\/\/www.milesin.cz\/index.php?rest_route=\/wp\/v2\/pages\/14\/revisions\/24"}],"wp:attachment":[{"href":"http:\/\/www.milesin.cz\/index.php?rest_route=%2Fwp%2Fv2%2Fmedia&parent=14"}],"curies":[{"name":"wp","href":"https:\/\/api.w.org\/{rel}","templated":true}]}}